{"id":7424,"date":"2022-08-22T16:31:44","date_gmt":"2022-08-22T16:31:44","guid":{"rendered":"https:\/\/bos.al\/your-project\/"},"modified":"2023-09-06T16:42:01","modified_gmt":"2023-09-06T16:42:01","slug":"your-project","status":"publish","type":"page","link":"https:\/\/bos.al\/en\/your-project\/","title":{"rendered":"Your project"},"content":{"rendered":"\t\t<div data-elementor-type=\"wp-page\" data-elementor-id=\"7424\" class=\"elementor elementor-7424 elementor-1325\" data-elementor-post-type=\"page\">\n\t\t\t\t\t\t<section class=\"elementor-section elementor-top-section elementor-element elementor-element-2371b52 elementor-section-boxed elementor-section-height-default elementor-section-height-default\" data-id=\"2371b52\" data-element_type=\"section\" data-e-type=\"section\">\n\t\t\t\t\t\t<div class=\"elementor-container elementor-column-gap-default\">\n\t\t\t\t\t<div class=\"elementor-column elementor-col-100 elementor-top-column elementor-element elementor-element-f55fbf1\" data-id=\"f55fbf1\" data-element_type=\"column\" data-e-type=\"column\">\n\t\t\t<div class=\"elementor-widget-wrap elementor-element-populated\">\n\t\t\t\t\t\t<div class=\"elementor-element elementor-element-4a69452 elementor-widget elementor-widget-heading\" data-id=\"4a69452\" data-element_type=\"widget\" data-e-type=\"widget\" data-widget_type=\"heading.default\">\n\t\t\t\t<div class=\"elementor-widget-container\">\n\t\t\t\t\t<h2 class=\"elementor-heading-title elementor-size-large\">Your project is life-ing when you work with professionals!<\/h2>\t\t\t\t<\/div>\n\t\t\t\t<\/div>\n\t\t\t\t<div class=\"elementor-element elementor-element-bac1c78 elementor-widget elementor-widget-heading\" data-id=\"bac1c78\" data-element_type=\"widget\" data-e-type=\"widget\" data-widget_type=\"heading.default\">\n\t\t\t\t<div class=\"elementor-widget-container\">\n\t\t\t\t\t<h2 class=\"elementor-heading-title elementor-size-large\">Fill out your request for the service you need and we will contact you.<\/h2>\t\t\t\t<\/div>\n\t\t\t\t<\/div>\n\t\t\t\t\t<\/div>\n\t\t<\/div>\n\t\t\t\t\t<\/div>\n\t\t<\/section>\n\t\t\t\t<section class=\"elementor-section elementor-top-section elementor-element elementor-element-662be49 elementor-section-boxed elementor-section-height-default elementor-section-height-default\" data-id=\"662be49\" data-element_type=\"section\" data-e-type=\"section\">\n\t\t\t\t\t\t<div class=\"elementor-container elementor-column-gap-default\">\n\t\t\t\t\t<div class=\"elementor-column elementor-col-100 elementor-top-column elementor-element elementor-element-ca45e9f\" data-id=\"ca45e9f\" data-element_type=\"column\" data-e-type=\"column\">\n\t\t\t<div class=\"elementor-widget-wrap elementor-element-populated\">\n\t\t\t\t\t\t<div class=\"elementor-element elementor-element-0be9c09 elementor-widget elementor-widget-formidable\" data-id=\"0be9c09\" data-element_type=\"widget\" data-e-type=\"widget\" data-widget_type=\"formidable.default\">\n\t\t\t\t<div class=\"elementor-widget-container\">\n\t\t\t\t\t<div class=\"frm_forms \" id=\"frm_form_3_container\" >\n<form enctype=\"multipart\/form-data\" method=\"post\" class=\"frm-show-form  frm_pro_form \" id=\"form_formaklienti\" >\n<div class=\"frm_form_fields  frm_page_num_1\">\n<fieldset>\n<legend class=\"frm_screen_reader\">Plot\u00ebsoni fushat p\u00ebr sh\u00ebrbimin q\u00eb k\u00ebrkoni<\/legend>\r\n\r\n<div class=\"frm_fields_container\">\n<input type=\"hidden\" name=\"frm_action\" value=\"create\" \/>\n<input type=\"hidden\" name=\"form_id\" value=\"3\" \/>\n<input type=\"hidden\" name=\"frm_hide_fields_3\" id=\"frm_hide_fields_3\" value=\"\" \/>\n<input type=\"hidden\" name=\"form_key\" value=\"formaklienti\" \/>\n<input type=\"hidden\" name=\"item_meta[0]\" value=\"\" \/>\n<input type=\"hidden\" id=\"frm_submit_entry_3\" name=\"frm_submit_entry_3\" value=\"5f8f52eef5\" \/><input type=\"hidden\" name=\"_wp_http_referer\" value=\"\/en\/wp-json\/wp\/v2\/pages\/7424\" \/><div id=\"frm_field_11_container\" class=\"frm_form_field form-field  frm_required_field frm_top_container frm12 frm_first\">\r\n    <label for=\"field_o3sjr\" id=\"field_o3sjr_label\" class=\"frm_primary_label\">Emri juaj\r\n        <span class=\"frm_required\" aria-hidden=\"true\">*<\/span>\r\n    <\/label>\r\n    <input  type=\"text\" id=\"field_o3sjr\" name=\"item_meta[11]\" value=\"\"  data-reqmsg=\"Emri juaj cannot be blank.\" aria-required=\"true\" data-invmsg=\"Text is invalid\" aria-invalid=\"false\"   \/>\r\n    \r\n    \r\n<\/div>\n<div id=\"frm_field_12_container\" class=\"frm_form_field form-field  frm_required_field frm_top_container frm12 frm_first\">\r\n    <label for=\"field_9h280\" id=\"field_9h280_label\" class=\"frm_primary_label\">Emaili juaj\r\n        <span class=\"frm_required\" aria-hidden=\"true\">*<\/span>\r\n    <\/label>\r\n    <input type=\"email\" id=\"field_9h280\" name=\"item_meta[12]\" value=\"\"  data-reqmsg=\"Emaili juaj cannot be blank.\" aria-required=\"true\" data-invmsg=\"Email is invalid\" aria-invalid=\"false\"  \/>\r\n    \r\n    \r\n<\/div>\n<div id=\"frm_field_13_container\" class=\"frm_form_field form-field  frm_required_field frm_top_container frm12 frm_first\">\r\n    <label for=\"field_88ohp\" id=\"field_88ohp_label\" class=\"frm_primary_label\">Numri juaj i telefonit\r\n        <span class=\"frm_required\" aria-hidden=\"true\">*<\/span>\r\n    <\/label>\r\n    <input type=\"tel\" id=\"field_88ohp\" name=\"item_meta[13]\" value=\"\"  data-reqmsg=\"Numri juaj i telefonit cannot be blank.\" aria-required=\"true\" data-invmsg=\"Phone is invalid\" aria-invalid=\"false\" pattern=\"((\\+\\d{1,3}(-|.| )?\\(?\\d\\)?(-| |.)?\\d{1,5})|(\\(?\\d{2,6}\\)?))(-|.| )?(\\d{3,4})(-|.| )?(\\d{4})(( x| ext)\\d{1,5}){0,1}$\"  \/>\r\n    \r\n    \r\n<\/div>\n<div id=\"frm_field_14_container\" class=\"frm_form_field form-field  frm_top_container frm12 frm_first frm_other_container\">\r\n    <label for=\"field_sylte\" id=\"field_sylte_label\" class=\"frm_primary_label\">Sh\u00ebrbimi q\u00eb ju po k\u00ebrkoni\r\n        <span class=\"frm_required\" aria-hidden=\"true\"><\/span>\r\n    <\/label>\r\n    \t\t<select name=\"item_meta[14]\" id=\"field_sylte\"  data-frmval=\"Menaxhimi Social Mediave\" data-invmsg=\"Sh\u00ebrbimi q\u00eb ju po k\u00ebrkoni is invalid\" aria-invalid=\"false\"  >\n\t\t<option  value=\"Menaxhimi Social Mediave\" selected='selected'>Menaxhimi Social Mediave<\/option><option  value=\"Faqe Interneti(Website)\">Faqe Interneti(Website)<\/option><option  value=\"FOTO\/VIDEO\">FOTO\/VIDEO<\/option><option  value=\"Brandim\" class=\"frm_other_trigger\">Brandim<\/option><option  value=\"Virtual Tour\">Virtual Tour<\/option><option  value=\"Maps Location Optimize\">Maps Location Optimize<\/option><option  value=\"SEO &amp; SERP\">SEO &amp; SERP<\/option>\t<\/select>\n\t<label for=\"field_sylte-otext\" class=\"frm_screen_reader frm_hidden\">Sh\u00ebrbimi q\u00eb ju po k\u00ebrkoni<\/label><input type=\"text\" id=\"field_sylte-otext\" class=\"frm_other_input frm_pos_none\"  name=\"item_meta[other][14]\" value=\"\" \/>\r\n    \r\n    \r\n<\/div>\n<input type=\"hidden\" name=\"frm_page_order_3\" id=\"frm_page_order_3\" value=\"10\" \/>\t\t<input  type=\"hidden\" name=\"item_meta[16]\" id=\"field_x63zb\" value=\"\"     \/>\n\t\t\t\t<input  type=\"hidden\" name=\"item_meta[17]\" id=\"field_jew61-0\" value=\"\"     \/>\n\t\t\t\t<input  type=\"hidden\" name=\"item_meta[18]\" id=\"field_hans4-0\" value=\"\"     \/>\n\t\t\t\t<input  type=\"hidden\" name=\"item_meta[19]\" id=\"field_lj6qa-0\" value=\"\"     \/>\n\t\t\t\t<input  type=\"hidden\" name=\"item_meta[20]\" id=\"field_ws5lx\" value=\"\"     \/>\n\t\t\t\t<input  type=\"hidden\" name=\"item_meta[21]\" id=\"field_nvslv\" value=\"\"     \/>\n\t\t\t\t<input  type=\"hidden\" name=\"item_meta[22]\" id=\"field_h82i\" value=\"\"     \/>\n\t\t\t\t<input  type=\"hidden\" name=\"item_meta[23]\" id=\"field_927ob\" value=\"\"     \/>\n\t\t\t\t<input  type=\"hidden\" name=\"item_meta[24]\" id=\"field_23qvm\" value=\"\"     \/>\n\t\t\t\t<input  type=\"hidden\" name=\"item_meta[25]\" id=\"field_l8ybf\" value=\"\"     \/>\n\t\t\t\t<input  type=\"hidden\" name=\"item_meta[26]\" id=\"field_ypeb\" value=\"\"     \/>\n\t\t\t\t<input  type=\"hidden\" name=\"item_meta[27]\" id=\"field_7wg1f\" value=\"\"     \/>\n\t\t\t\t<input  type=\"hidden\" name=\"item_meta[28]\" id=\"field_m0vvo\" value=\"\"     \/>\n\t\t\t\t<input  type=\"hidden\" name=\"item_meta[29]\" id=\"field_6u1si\" value=\"\"     \/>\n\t\t\t\t<input  type=\"hidden\" name=\"item_meta[30]\" id=\"field_grzmi-0\" value=\"\"     \/>\n\t\t\t\t<input  type=\"hidden\" name=\"item_meta[31]\" id=\"field_n46mu\" value=\"\"     \/>\n\t\t\t\t<input  type=\"hidden\" name=\"item_meta[32]\" id=\"field_vkcv-0\" value=\"Po do ju d\u00ebrgojm\u00eb ne materialet\"  data-frmval=\"Po do ju d\u00ebrgojm\u00eb ne materialet\"   \/>\n\t\t\t\t<input  type=\"hidden\" name=\"item_meta[33]\" id=\"field_uo8lw\" value=\"\"     \/>\n\t\t\t\t<input  type=\"hidden\" name=\"item_meta[34]\" id=\"field_v9yr9\" value=\"\"     \/>\n\t\t\t\t<input  type=\"hidden\" name=\"item_meta[35]\" id=\"field_9zb42\" value=\"\"     \/>\n\t\t\t\t<input  type=\"hidden\" name=\"item_meta[36]\" id=\"field_jd2sb\" value=\"\"     \/>\n\t\t\t\t<input  type=\"hidden\" name=\"item_meta[37]\" id=\"field_dmrx3\" value=\"\"     \/>\n\t\t\t\t<input  type=\"hidden\" name=\"item_meta[38]\" id=\"field_zbvfj\" value=\"\"     \/>\n\t\t\t\t<input  type=\"hidden\" name=\"item_meta[39]\" id=\"field_7pbby\" value=\"\"     \/>\n\t\t\t\t<input  type=\"hidden\" name=\"item_meta[40]\" id=\"field_u9w6v\" value=\"\"     \/>\n\t\t\t\t<input  type=\"hidden\" name=\"item_meta[41]\" id=\"field_ey1iu\" value=\"\"     \/>\n\t\t\t\t<input  type=\"hidden\" name=\"item_meta[42]\" id=\"field_8rvyw\" value=\"\"     \/>\n\t\t\t\t<input  type=\"hidden\" name=\"item_meta[43]\" id=\"field_orja8\" value=\"\"     \/>\n\t\t\t\t<input  type=\"hidden\" name=\"item_meta[44]\" id=\"field_ebwie-0\" value=\"\"     \/>\n\t\t\t\t<input  type=\"hidden\" name=\"item_meta[45]\" id=\"field_f3vjw\" value=\"\"     \/>\n\t\t\t\t<input  type=\"hidden\" name=\"item_meta[46]\" id=\"field_vug5q\" value=\"\"     \/>\n\t\t\t\t<input  type=\"hidden\" name=\"item_meta[47]\" id=\"field_czvl\" value=\"\"     \/>\n\t\t\t\t<input  type=\"hidden\" name=\"item_meta[48]\" id=\"field_6r8ds\" value=\"\"     \/>\n\t\t\t\t<input  type=\"hidden\" name=\"item_meta[49]\" id=\"field_rr33s\" value=\"\"     \/>\n\t\t\t\t<input  type=\"hidden\" name=\"item_meta[50]\" id=\"field_wv87e\" value=\"\"     \/>\n\t\t\t\t<input  type=\"hidden\" name=\"item_meta[51]\" id=\"field_84jhw\" value=\"\"     \/>\n\t\t\t\t<input  type=\"hidden\" name=\"item_meta[52]\" id=\"field_3faq4\" value=\"\"     \/>\n\t\t\t\t<input  type=\"hidden\" name=\"item_meta[53]\" id=\"field_i08di\" value=\"\"     \/>\n\t\t\t\t<input  type=\"hidden\" name=\"item_meta[54]\" id=\"field_mre4s\" value=\"\"     \/>\n\t\t\t\t<input  type=\"hidden\" name=\"item_meta[55]\" id=\"field_rqvqa\" value=\"\"     \/>\n\t\t\t\t<input  type=\"hidden\" name=\"item_meta[56]\" id=\"field_e1e74\" value=\"\"     \/>\n\t\t\t\t<input  type=\"hidden\" name=\"item_meta[57]\" id=\"field_o6xya\" value=\"\"     \/>\n\t\t\t\t<input  type=\"hidden\" name=\"item_meta[58]\" id=\"field_tjo96\" value=\"\"     \/>\n\t\t\t\t<input  type=\"hidden\" name=\"item_meta[59]\" id=\"field_wibxu\" value=\"\"     \/>\n\t\t\t\t<input  type=\"hidden\" name=\"item_meta[60]\" id=\"field_k6twn\" value=\"\"     \/>\n\t\t\t\t<input  type=\"hidden\" name=\"item_meta[61]\" id=\"field_purku\" value=\"\"     \/>\n\t\t\t\t<input  type=\"hidden\" name=\"item_meta[65]\" id=\"field_v52me\" value=\"\"     \/>\n\t\t\t<input type=\"hidden\" name=\"item_key\" value=\"\" \/>\n\t\t\t<div id=\"frm_field_66_container\">\n\t\t\t<label for=\"field_k2wbw\" >\n\t\t\t\tIf you are human, leave this field blank.\t\t\t<\/label>\n\t\t\t<input  id=\"field_k2wbw\" type=\"text\" class=\"frm_form_field form-field frm_verify\" name=\"item_meta[66]\" value=\"\"  \/>\n\t\t<\/div>\n\t\t<input name=\"frm_state\" type=\"hidden\" value=\"KbahXvcv3nTkmtoTaXyFPOy6n7Sy8yQTFDGDAR4o3\/zrbhO7jiKqWTVpRzW5Y8CE\" \/><div class=\"frm_submit\">\r\n\r\n<button class=\"frm_button_submit\" type=\"submit\"   formnovalidate=\"formnovalidate\">Vazhdo<\/button>\r\n\r\n<\/div><\/div>\n<\/fieldset>\n<\/div>\n\n<\/form>\n<\/div>\n\t\t\t\t<\/div>\n\t\t\t\t<\/div>\n\t\t\t\t\t<\/div>\n\t\t<\/div>\n\t\t\t\t\t<\/div>\n\t\t<\/section>\n\t\t\t\t<\/div>\n\t\t","protected":false},"excerpt":{"rendered":"<p>Your project is life-ing when you work with professionals! Fill out your request for the service you need and we will contact you. Plot\u00ebsoni fushat p\u00ebr sh\u00ebrbimin q\u00eb k\u00ebrkoni Emri juaj * Emaili juaj * Numri juaj i telefonit * Sh\u00ebrbimi q\u00eb ju po k\u00ebrkoni Menaxhimi Social MediaveFaqe Interneti(Website)FOTO\/VIDEOBrandimVirtual TourMaps Location OptimizeSEO &amp; SERP Sh\u00ebrbimi &#8230; <a title=\"Your project\" class=\"read-more\" href=\"https:\/\/bos.al\/en\/your-project\/\" aria-label=\"Read more about Your project\">Read more<\/a><\/p>\n","protected":false},"author":1,"featured_media":0,"parent":0,"menu_order":0,"comment_status":"closed","ping_status":"closed","template":"","meta":{"_acf_changed":false,"footnotes":""},"class_list":["post-7424","page","type-page","status-publish"],"acf":[],"_links":{"self":[{"href":"https:\/\/bos.al\/en\/wp-json\/wp\/v2\/pages\/7424","targetHints":{"allow":["GET"]}}],"collection":[{"href":"https:\/\/bos.al\/en\/wp-json\/wp\/v2\/pages"}],"about":[{"href":"https:\/\/bos.al\/en\/wp-json\/wp\/v2\/types\/page"}],"author":[{"embeddable":true,"href":"https:\/\/bos.al\/en\/wp-json\/wp\/v2\/users\/1"}],"replies":[{"embeddable":true,"href":"https:\/\/bos.al\/en\/wp-json\/wp\/v2\/comments?post=7424"}],"version-history":[{"count":1,"href":"https:\/\/bos.al\/en\/wp-json\/wp\/v2\/pages\/7424\/revisions"}],"predecessor-version":[{"id":7425,"href":"https:\/\/bos.al\/en\/wp-json\/wp\/v2\/pages\/7424\/revisions\/7425"}],"wp:attachment":[{"href":"https:\/\/bos.al\/en\/wp-json\/wp\/v2\/media?parent=7424"}],"curies":[{"name":"wp","href":"https:\/\/api.w.org\/{rel}","templated":true}]}}